{"id":19,"date":"2020-11-22T19:59:25","date_gmt":"2020-11-22T19:59:25","guid":{"rendered":"https:\/\/odorpure.be\/?page_id=19"},"modified":"2020-12-21T20:53:16","modified_gmt":"2020-12-21T20:53:16","slug":"hygienische-ontgeurder","status":"publish","type":"page","link":"https:\/\/odorpure.be\/fr\/","title":{"rendered":"D\u00e9tergent parfumant"},"content":{"rendered":"<header id=\"section-1-21\" class=\"ct-section ct-section-with-shape-divider\" ><div class=\"ct-section-inner-wrap\"><img decoding=\"async\"  id=\"image-16-21\" alt=\"\" src=\"https:\/\/odorpure.be\/wp-content\/uploads\/2020\/11\/OdorPure-logo-rgb.svg\" class=\"ct-image\"\/><h1 id=\"headline-17-21\" class=\"ct-headline\"><span id=\"span-18-21\" class=\"ct-span\" >D\u00e9tergent parfumant<\/span><\/h1><div id=\"div_block-93-21\" class=\"ct-div-block\" ><div id=\"text_block-60-21\" class=\"ct-text-block\" >Ce nettoyant multi-usages d\u00e9sodorise, purifit et rafra\u00eechit en laissant un parfum frais et agr\u00e9able. Il peut \u00eatre utilis\u00e9 pour les sols et surfaces,<div>les toilettes, les chambres d\u2019h\u00f4pital, les \u00e9coles, les bureaux, les entrep\u00f4ts, les \u00e9viers,<\/div><div>les poubelles, les niches d\u2019animaux domestiques, les \u00e9vacuations et autres d\u00e9gagements d\u2019odeurs.<\/div><\/div><\/div><div id=\"div_block-61-21\" class=\"ct-div-block\" ><div id=\"new_columns-45-21\" class=\"ct-new-columns columns\" ><div id=\"div_block-46-21\" class=\"ct-div-block\" ><img decoding=\"async\"  id=\"image-48-21\" alt=\"\" src=\"https:\/\/odorpure.be\/wp-content\/uploads\/2020\/11\/OdorPure-iconen-logo-rgb-1-algemeenonderhoud.svg\" class=\"ct-image colomn-img\" srcset-disabled=\"\" sizes=\"(max-width: 150px) 100vw, 150px\" \/><\/div><div id=\"div_block-47-21\" class=\"ct-div-block colomn-text\" ><div id=\"text_block-49-21\" class=\"ct-text-block\" >Utilisez Od\u2019or Pure pour l\u2019 entretien quotidien des sols et surfaces, et profitez d\u2019un r\u00e9sultat propre et frais.<\/div><\/div><\/div><div id=\"new_columns-54-21\" class=\"ct-new-columns columns\" ><div id=\"div_block-55-21\" class=\"ct-div-block\" ><img decoding=\"async\"  id=\"image-56-21\" alt=\"\" src=\"https:\/\/odorpure.be\/wp-content\/uploads\/2020\/11\/OdorPure-iconen-logo-rgb-2-badkamer.svg\" class=\"ct-image colomn-img\" srcset-disabled=\"\" sizes=\"(max-width: 150px) 100vw, 150px\" \/><\/div><div id=\"div_block-57-21\" class=\"ct-div-block colomn-text\" ><div id=\"text_block-58-21\" class=\"ct-text-block\" >Od\u2019or Pure est id\u00e9al pour les salles de bain, mais aussi pour les sanitaires dans les b\u00e2timents sportifs, les centres de fitness, les piscines, les campings,\u2026<\/div><\/div><\/div><div id=\"new_columns-67-21\" class=\"ct-new-columns columns\" ><div id=\"div_block-68-21\" class=\"ct-div-block\" ><img decoding=\"async\"  id=\"image-69-21\" alt=\"\" src=\"https:\/\/odorpure.be\/wp-content\/uploads\/2020\/11\/OdorPure-iconen-logo-rgb-3-sanitair.svg\" class=\"ct-image colomn-img\" srcset-disabled=\"\" sizes=\"(max-width: 150px) 100vw, 150px\" \/><\/div><div id=\"div_block-70-21\" class=\"ct-div-block colomn-text\" ><div id=\"text_block-71-21\" class=\"ct-text-block\" >Gardez les sanitaires propres et hygi\u00e9niques gr\u00e2ce \u00e0 Od\u2019or Pure.<br>Vous serez surpris par le parfum frais et agr\u00e9able.<\/div><\/div><\/div><div id=\"new_columns-72-21\" class=\"ct-new-columns columns\" ><div id=\"div_block-73-21\" class=\"ct-div-block\" ><img decoding=\"async\"  id=\"image-74-21\" alt=\"\" src=\"https:\/\/odorpure.be\/wp-content\/uploads\/2020\/11\/OdorPure-iconen-logo-rgb-4-toiletten.svg\" class=\"ct-image colomn-img\" srcset-disabled=\"\" sizes=\"(max-width: 150px) 100vw, 150px\" \/><\/div><div id=\"div_block-75-21\" class=\"ct-div-block colomn-text\" ><div id=\"text_block-76-21\" class=\"ct-text-block\" >Gardez vos installations sanitaires hygi\u00e9niques avec Od\u2019or Pure.<br>Les odeurs d\u00e9sagr\u00e9ables sont \u00e9limin\u00e9es et les \u00e9vacuations sont purifi\u00e9es.<\/div><\/div><\/div><div id=\"new_columns-77-21\" class=\"ct-new-columns columns\" ><div id=\"div_block-78-21\" class=\"ct-div-block\" ><img decoding=\"async\"  id=\"image-79-21\" alt=\"\" src=\"https:\/\/odorpure.be\/wp-content\/uploads\/2020\/11\/OdorPure-iconen-logo-rgb-5-ziekenhuis.svg\" class=\"ct-image colomn-img\" srcset-disabled=\"\" sizes=\"(max-width: 150px) 100vw, 150px\" \/><\/div><div id=\"div_block-80-21\" class=\"ct-div-block colomn-text\" ><div id=\"text_block-81-21\" class=\"ct-text-block\" >Utilisez Od\u2019or Pure pour l\u2019entretien quotidien des chambres de patients, des centres de soins, des \u00e9coles, des bureaux, ...<\/div><\/div><\/div><div id=\"new_columns-82-21\" class=\"ct-new-columns columns\" ><div id=\"div_block-83-21\" class=\"ct-div-block\" ><img decoding=\"async\"  id=\"image-84-21\" alt=\"\" src=\"https:\/\/odorpure.be\/wp-content\/uploads\/2020\/11\/OdorPure-iconen-logo-rgb-6-vuilnisemmer.svg\" class=\"ct-image colomn-img\" srcset-disabled=\"\" sizes=\"(max-width: 150px) 100vw, 150px\" \/><\/div><div id=\"div_block-85-21\" class=\"ct-div-block colomn-text\" ><div id=\"text_block-86-21\" class=\"ct-text-block\" >Des mauvaises odeurs? Avec Od\u2019or Pure, vous d\u00e9sodorisez, purifiez et rafra\u00eechissez les poubelles, \u2026<\/div><\/div><\/div><div id=\"new_columns-87-21\" class=\"ct-new-columns columns\" ><div id=\"div_block-88-21\" class=\"ct-div-block\" ><img decoding=\"async\"  id=\"image-89-21\" alt=\"\" src=\"https:\/\/odorpure.be\/wp-content\/uploads\/2020\/11\/OdorPure-iconen-logo-rgb-7-dierenverblijven.svg\" class=\"ct-image colomn-img\" srcset-disabled=\"\" sizes=\"(max-width: 150px) 100vw, 150px\" \/><\/div><div id=\"div_block-90-21\" class=\"ct-div-block colomn-text\" ><div id=\"text_block-91-21\" class=\"ct-text-block\" >Utilisez Od\u2019or Pure pour nettoyer les abris pour animaux, les niches, les liti\u00e8res ,\u2026<br>Outre le parfum frais, Od\u2019or Pure rend tout hygi\u00e9nique.<\/div><\/div><\/div><div id=\"text_block-112-21\" class=\"ct-text-block\" >Od\u2019or Pure est disponible en 0,5L, 1 L, et 5 L.<\/div><\/div>\n\t\t<div id=\"-shape-divider-114-21\" class=\"oxy-shape-divider\" >        \n        <div class=\"oxy_shape_divider\" style=\"transform:  scaleX(-1)\">\n            <svg xmlns=\"http:\/\/www.w3.org\/2000\/svg\" viewbox=\"0 0 1440 320\" preserveaspectratio=\"none\"><path fill=\"currentColor\" fill-opacity=\"1\" d=\"M0,128L80,154.7C160,181,320,235,480,261.3C640,288,800,288,960,240C1120,192,1280,96,1360,48L1440,0L1440,320L1360,320C1280,320,1120,320,960,320C800,320,640,320,480,320C320,320,160,320,80,320L0,320Z\"><\/path><\/svg>        <\/div>\n\n        <\/div>\n\n\t\t\n\t\t<div id=\"-shape-divider-115-21\" class=\"oxy-shape-divider\" >        \n        <div class=\"oxy_shape_divider\" style=\"transform:  scaleX(-1)\">\n            <svg xmlns=\"http:\/\/www.w3.org\/2000\/svg\" viewbox=\"0 0 1440 320\" preserveaspectratio=\"none\"><path fill=\"currentColor\" fill-opacity=\"1\" d=\"M0,128L80,154.7C160,181,320,235,480,261.3C640,288,800,288,960,240C1120,192,1280,96,1360,48L1440,0L1440,320L1360,320C1280,320,1120,320,960,320C800,320,640,320,480,320C320,320,160,320,80,320L0,320Z\"><\/path><\/svg>        <\/div>\n\n        <\/div>\n\n\t\t<\/div><\/header>","protected":false},"excerpt":{"rendered":"","protected":false},"author":2,"featured_media":0,"parent":0,"menu_order":0,"comment_status":"closed","ping_status":"closed","template":"","meta":{"inline_featured_image":false,"slim_seo":{"title":"Od&#039;or Pure - Hygi\u00ebnische ontgeurder","description":""},"footnotes":""},"class_list":["post-19","page","type-page","status-publish","hentry"],"_links":{"self":[{"href":"https:\/\/odorpure.be\/fr\/wp-json\/wp\/v2\/pages\/19","targetHints":{"allow":["GET"]}}],"collection":[{"href":"https:\/\/odorpure.be\/fr\/wp-json\/wp\/v2\/pages"}],"about":[{"href":"https:\/\/odorpure.be\/fr\/wp-json\/wp\/v2\/types\/page"}],"author":[{"embeddable":true,"href":"https:\/\/odorpure.be\/fr\/wp-json\/wp\/v2\/users\/2"}],"replies":[{"embeddable":true,"href":"https:\/\/odorpure.be\/fr\/wp-json\/wp\/v2\/comments?post=19"}],"version-history":[{"count":0,"href":"https:\/\/odorpure.be\/fr\/wp-json\/wp\/v2\/pages\/19\/revisions"}],"wp:attachment":[{"href":"https:\/\/odorpure.be\/fr\/wp-json\/wp\/v2\/media?parent=19"}],"curies":[{"name":"wp","href":"https:\/\/api.w.org\/{rel}","templated":true}]}}